{"id":11,"date":"2017-02-25T00:41:02","date_gmt":"2017-02-25T00:41:02","guid":{"rendered":"http:\/\/www.etreavec.net\/?page_id=11"},"modified":"2019-03-12T00:06:37","modified_gmt":"2019-03-12T00:06:37","slug":"les-ateliers-parentalite-psychologue-lyon-6","status":"publish","type":"page","link":"http:\/\/www.etreavec.net\/index.php\/les-ateliers-parentalite-psychologue-lyon-6\/","title":{"rendered":"PARENTALIT\u00c9 &#8211; LES ATELIERS"},"content":{"rendered":"<h5>A Lyon, St Andr\u00e9 en Royans, en ligne<\/h5>\n<p>Les ateliers sur la parentalit\u00e9 s\u2019organisent en un cycle de six s\u00e9ances bimensuelles. Ils sont adapt\u00e9 aux parents d&rsquo;enfants de tout \u00e2ge. Le programme pr\u00e9voit aussi une s\u00e9ance t\u00e9l\u00e9phonique individuelle pour chaque participant.<\/p>\n<p>Dans un groupe de maximum 8 personnes, lors de rencontres de 3H,<br \/>\nles parents pourront :<\/p>\n<ul>\n<li>s\u2019interroger sur les repr\u00e9sentations concernant les parents,<br \/>\nles&nbsp;enfants, la parentalit\u00e9&#8230;<\/li>\n<li>explorer, questionner, partager, les concepts de la th\u00e9orie<br \/>\nde l&rsquo;attachement bas\u00e9s sur les r\u00e9sultats de recherche en<br \/>\nneuroscience.<\/li>\n<li>avoir du temps pour \u00eatre \u00e9cout\u00e9 et s&rsquo;initier \u00e0 l&rsquo;\u00e9coute empathique<\/li>\n<li>acqu\u00e9rir des mani\u00e8res d\u2019\u00eatre, exp\u00e9rimenter les outils pratiques<\/li>\n<li>partager les v\u00e9cus et les exp\u00e9riences \u00e0 la maison suite \u00e0 l\u2019atelier pr\u00e9c\u00e9dent<\/li>\n<\/ul>\n<p>Entre les s\u00e9ances, je propose un soutien t\u00e9l\u00e9phonique. Au fil du temps les parents se familiarisent avec les principes d\u2019une \u00e9coute bienveillante et pr\u00e9sente. &nbsp;Ils peuvent ensuite mettre en place de l&rsquo;\u00e9coute mutuelle entre les ateliers et poursuivre cette pratique une fois le cycle termin\u00e9.<\/p>\n<h5>Les th\u00e9matiques des ateliers:<\/h5>\n<p>Chaque des ateliers sur la parentalit\u00e9 et d\u00e9velopp\u00e9 autour d&rsquo;une th\u00e9matique:<\/p>\n<p>\u00catre<strong> avec<\/strong> \u2013Revisiter l\u2019importance pour l\u2019humain de se sentir connect\u00e9, en lien.<br \/>\n<strong>L\u2019\u00e9coute<\/strong> &#8211; Les qualit\u00e9s de l\u2019\u00e9coute pr\u00e9sente, emphatique qui renforce le ressenti de connexion \u2013 Comment \u00e9couter pour que l\u2019enfant se sente entendu et compris&nbsp;?<br \/>\n<strong>L\u2019accueil des \u00e9motions<\/strong> &#8211; Comment accueillir les \u00e9motions fortes, de soi-m\u00eame, de l\u2019enfant&nbsp;?<br \/>\n<strong>Le jeu<\/strong> L\u2019importance du jeu, des jeux physiques, des rires. Explorer les jeux qui renforcent l\u2019attachement s\u00e9curisant, les jeux \u00ab&nbsp;gu\u00e9rissant&nbsp;\u00bb<br \/>\n<strong>Les limites et les attentes <\/strong>Comment sentir ses propres limites, comment poser des limites et des attentes d\u2019une mani\u00e8re bienveillante et respectueuse&nbsp;? Comment accompagner l&rsquo;enfant dans sa r\u00e9action ?<br \/>\n<strong>Le soutien<\/strong> L\u2019importance du soutien, de l\u2019\u00e9coute pour soi-m\u00eame. Comment rester li\u00e9s dans une communaut\u00e9 parentale.<\/p>\n<p>Ne h\u00e9sitez pas de me <a href=\"http:\/\/www.etreavec.net\/index.php\/contact\/\">contacter<\/a> si vous avez des questions.<\/p>\n","protected":false},"excerpt":{"rendered":"<p>A Lyon, St Andr\u00e9 en Royans, en ligne Les ateliers sur la parentalit\u00e9 s\u2019organisent en un cycle de six s\u00e9ances bimensuelles. Ils sont adapt\u00e9 aux&#8230;<\/p>\n<div class=\"more-link-wrapper\"><a class=\"more-link\" href=\"http:\/\/www.etreavec.net\/index.php\/les-ateliers-parentalite-psychologue-lyon-6\/\">Continue Reading<span class=\"screen-reader-text\">PARENTALIT\u00c9 &#8211; LES ATELIERS<\/span><\/a><\/div>\n","protected":false},"author":1,"featured_media":0,"parent":0,"menu_order":0,"comment_status":"closed","ping_status":"closed","template":"","meta":{"footnotes":""},"class_list":["post-11","page","type-page","status-publish","hentry","entry"],"_links":{"self":[{"href":"http:\/\/www.etreavec.net\/index.php\/wp-json\/wp\/v2\/pages\/11","targetHints":{"allow":["GET"]}}],"collection":[{"href":"http:\/\/www.etreavec.net\/index.php\/wp-json\/wp\/v2\/pages"}],"about":[{"href":"http:\/\/www.etreavec.net\/index.php\/wp-json\/wp\/v2\/types\/page"}],"author":[{"embeddable":true,"href":"http:\/\/www.etreavec.net\/index.php\/wp-json\/wp\/v2\/users\/1"}],"replies":[{"embeddable":true,"href":"http:\/\/www.etreavec.net\/index.php\/wp-json\/wp\/v2\/comments?post=11"}],"version-history":[{"count":22,"href":"http:\/\/www.etreavec.net\/index.php\/wp-json\/wp\/v2\/pages\/11\/revisions"}],"predecessor-version":[{"id":963,"href":"http:\/\/www.etreavec.net\/index.php\/wp-json\/wp\/v2\/pages\/11\/revisions\/963"}],"wp:attachment":[{"href":"http:\/\/www.etreavec.net\/index.php\/wp-json\/wp\/v2\/media?parent=11"}],"curies":[{"name":"wp","href":"https:\/\/api.w.org\/{rel}","templated":true}]}}