{"id":8,"date":"2017-02-25T00:39:16","date_gmt":"2017-02-25T00:39:16","guid":{"rendered":"http:\/\/www.etreavec.net\/?page_id=8"},"modified":"2024-01-08T13:42:42","modified_gmt":"2024-01-08T13:42:42","slug":"laccompagnement-a-la-parentalite-psychologue-lyon-6","status":"publish","type":"page","link":"http:\/\/www.etreavec.net\/index.php\/laccompagnement-a-la-parentalite-psychologue-lyon-6\/","title":{"rendered":"JE VOUS PROPOSE"},"content":{"rendered":"<h5><img loading=\"lazy\" decoding=\"async\" class=\"alignnone  wp-image-94\" src=\"http:\/\/www.etreavec.net\/wp-content\/uploads\/2017\/02\/etre-avec-kolaz3-300x107.jpg\" alt=\"parentalit\u00e9 consciente\" width=\"729\" height=\"260\" srcset=\"http:\/\/www.etreavec.net\/wp-content\/uploads\/2017\/02\/etre-avec-kolaz3-300x107.jpg 300w, http:\/\/www.etreavec.net\/wp-content\/uploads\/2017\/02\/etre-avec-kolaz3-768x275.jpg 768w, http:\/\/www.etreavec.net\/wp-content\/uploads\/2017\/02\/etre-avec-kolaz3-1024x367.jpg 1024w, http:\/\/www.etreavec.net\/wp-content\/uploads\/2017\/02\/etre-avec-kolaz3-612x219.jpg 612w, http:\/\/www.etreavec.net\/wp-content\/uploads\/2017\/02\/etre-avec-kolaz3-936x335.jpg 936w, http:\/\/www.etreavec.net\/wp-content\/uploads\/2017\/02\/etre-avec-kolaz3-720x258.jpg 720w, http:\/\/www.etreavec.net\/wp-content\/uploads\/2017\/02\/etre-avec-kolaz3.jpg 1181w\" sizes=\"auto, (max-width: 729px) 100vw, 729px\" \/><span style=\"color: #808080;\">Les diff\u00e9rents formes d&rsquo;accompagnement<\/span><\/h5>\n<p>Des <strong>s\u00e9ances <\/strong>individuelles (parent, couple parental, binome prent- enfant) <em><a href=\"http:\/\/www.etreavec.net\/index.php\/therapie-individuelle\/\">en savoir plus<\/a><\/em><\/p>\n<p><em>Possibilit\u00e9 de consultations dans mon cabinet, \u00e0 votre domicile et \/ ou par t\u00e9l\u00e9phone ou en ligne<br \/>\nPossibilit\u00e9 de consultations en fran\u00e7ais, anglais et en serbe<\/em><\/p>\n<p>Un programme individuel ou en couple <strong>d&rsquo;accompagnement parental<\/strong>\u00a0 <em><a href=\"http:\/\/www.etreavec.net\/index.php\/accompagnement-parental-en-individuel-ou-couple-parental\/\">en savoir plus<\/a><\/em><\/p>\n<p><strong>Des ateliers pour les parents<\/strong> <a href=\"http:\/\/www.etreavec.net\/index.php\/les-ateliers\/\"><em>en savoir plus<\/em><\/a><\/p>\n<p><em>Je vous invite \u00e0 me contacter pour une premi\u00e8re rencontre t\u00e9l\u00e9phonique gratuite \u00a0<\/em><a href=\"http:\/\/www.etreavec.net\/index.php\/contact\/\">p<\/a><a href=\"http:\/\/www.etreavec.net\/index.php\/contact\/\">rendre le rendez-vous<\/a><em><br \/>\n<\/em><\/p>\n<h6>Les axes communs de toutes les formes d\u2019accompagnement<\/h6>\n<ul>\n<li>Mieux comprendre les besoins : de notre enfant, <span style=\"color: #555555;\"><span style=\"color: #555555;\">mais aussi les n\u00f4tres<\/span><\/span><\/li>\n<li>D\u00e9velopper une attitude d\u2019observation, d\u2019acceptation sans jugement<br \/>\net avec tendresse de nos \u00e9motions et de celles d\u2019autrui.<em>Ralentir, observer, sentir<\/em><\/li>\n<li>Mieux se conna\u00eetre (ses points sensibles, ses limites), nourrir l\u2019auto compassion et trouver des mani\u00e8res d\u2019entrer en lien avec soi-m\u00eame dans les moments o\u00f9 nous sommes \u00ab\u00a0envahis\u00a0\u00bb par nos \u00e9motions.<br \/>\n<em><em>S\u2019habituer \u00e0 prendre soin de soi-m\u00eame pour ne pas \u00ab\u00a0exploser\u00a0\u00bb sur les autres<\/em><\/em><\/li>\n<li>Explorer deux fondements :<br \/>\n&#8211; Les enfants et les adolescents sont, dans leur \u00eatre profond, coop\u00e9ratifs et enthousiastes envers la vie- Malgr\u00e9 leurs apparences parfois \u00ab\u00a0odieuses \u00bb les moments de<br \/>\n\u00ab\u00a0difficult\u00e9\u00a0\u00bb (grosses col\u00e8res, pleurs, peurs, isolement) sont des<br \/>\nmoments d\u2019une grande potentialit\u00e9 de d\u00e9veloppement, maturation, gu\u00e9rison.<\/li>\n<li>\u00c9voluer de celui qui \u00ab\u00a0m\u00e8ne, dompte, contr\u00f4le, doit savoir\u00a0\u00bb vers celui qui\u00a0\u00ab\u00a0encadre, \u00e9coute, aime, renforce le lien, fait confiance\u00a0\u00bb.<br \/>\nVivre un changement d\u2019exp\u00e9rience\u00a0: de la frustration, confusion et m\u00eame r\u00e9pulsion vers l\u2019empathie, la compr\u00e9hension, la patience,l\u2019acceptation.<em>Etre \u00ab\u00a0ensemble \u00bb, avec l\u2019enfant et non \u00ab\u00a0contre\u00a0\u00bb.<\/em><\/li>\n<li>Comprendre et exp\u00e9rimenter le fait que l\u2019enfant a besoin de se sentir vu et entendu pour pouvoir \u00e9prouver la s\u00e9curit\u00e9 qui lui est n\u00e9cessaire pour se mettre en lien avec lui-m\u00eame et exprimer ce qu\u2019il ressent.<\/li>\n<li>Acqu\u00e9rir des mani\u00e8res plus constructives de poser des limites et<br \/>\nformuler nos attentes envers l&rsquo;enfant. Mieux agir face \u00e0 ses\u00a0r\u00e9actions.<\/li>\n<li>Apprendre que les pleurs et les rires sont des <em>\u00ab<\/em> outils <em>\u00bb<\/em> d\u2019autor\u00e9gulation inn\u00e9s de chaque \u00eatre.<\/li>\n<li>Se rendre compte que le jeu est le mode de communication de<br \/>\nl\u2019enfant le plus rapide pour \u00e9tablir le lien et la complicit\u00e9.<\/li>\n<li>Revisiter ses ressentis vis-\u00e0-vis de sa disponibilit\u00e9 pour jouer avec son enfant. Interroger ses attitudes par rapport aux jeux physiques (les roulades, les \u00ab\u00a0bagarres\u00a0\u00bb), les jeux dr\u00f4les, clownesques,<br \/>\nd\u00e9sinhib\u00e9s, spontan\u00e9s\u2026<\/li>\n<li>Prendre conscience qu&rsquo;interroger sa mani\u00e8re d\u2019\u00eatre, rompre avec les habitudes, \u00e9couter son enfant en difficult\u00e9 peut \u00eatre remuant,<br \/>\nparfois submergeant.<\/li>\n<li>S\u2019habituer \u00e0 avoir le soutien d\u2019un professionnel mais aussi d&rsquo;autres parents. Avoir un \u00ab point d\u2019eau\u00a0\u00bb pour soi-m\u00eame. Avec l\u2019exp\u00e9rience<br \/>\nd\u00a0\u2018\u00eatre \u00e9cout\u00e9, avec la possibilit\u00e9 de d\u00e9poser ses \u00e9motions et de partager ses limites, les capacit\u00e9s d\u2019accueil, d\u2019acceptation et de<br \/>\npatience (parfois bien \u00e9puis\u00e9es !) se r\u00e9g\u00e9n\u00e8rent.<em>Se lier, se sentir moins isol\u00e9, plus entour\u00e9<\/em><\/li>\n<\/ul>\n","protected":false},"excerpt":{"rendered":"<p>Les diff\u00e9rents formes d&rsquo;accompagnement Des s\u00e9ances individuelles (parent, couple parental, binome prent- enfant) en savoir plus Possibilit\u00e9 de consultations dans mon cabinet, \u00e0 votre domicile&#8230;<\/p>\n<div class=\"more-link-wrapper\"><a class=\"more-link\" href=\"http:\/\/www.etreavec.net\/index.php\/laccompagnement-a-la-parentalite-psychologue-lyon-6\/\">Continue Reading<span class=\"screen-reader-text\">JE VOUS PROPOSE<\/span><\/a><\/div>\n","protected":false},"author":1,"featured_media":0,"parent":0,"menu_order":0,"comment_status":"closed","ping_status":"closed","template":"","meta":{"footnotes":""},"class_list":["post-8","page","type-page","status-publish","hentry","entry"],"_links":{"self":[{"href":"http:\/\/www.etreavec.net\/index.php\/wp-json\/wp\/v2\/pages\/8","targetHints":{"allow":["GET"]}}],"collection":[{"href":"http:\/\/www.etreavec.net\/index.php\/wp-json\/wp\/v2\/pages"}],"about":[{"href":"http:\/\/www.etreavec.net\/index.php\/wp-json\/wp\/v2\/types\/page"}],"author":[{"embeddable":true,"href":"http:\/\/www.etreavec.net\/index.php\/wp-json\/wp\/v2\/users\/1"}],"replies":[{"embeddable":true,"href":"http:\/\/www.etreavec.net\/index.php\/wp-json\/wp\/v2\/comments?post=8"}],"version-history":[{"count":48,"href":"http:\/\/www.etreavec.net\/index.php\/wp-json\/wp\/v2\/pages\/8\/revisions"}],"predecessor-version":[{"id":1249,"href":"http:\/\/www.etreavec.net\/index.php\/wp-json\/wp\/v2\/pages\/8\/revisions\/1249"}],"wp:attachment":[{"href":"http:\/\/www.etreavec.net\/index.php\/wp-json\/wp\/v2\/media?parent=8"}],"curies":[{"name":"wp","href":"https:\/\/api.w.org\/{rel}","templated":true}]}}